{"id":646,"date":"2025-05-02T16:13:13","date_gmt":"2025-05-02T14:13:13","guid":{"rendered":"https:\/\/monptibook.com\/?post_type=product&#038;p=646"},"modified":"2025-05-02T16:16:05","modified_gmt":"2025-05-02T14:16:05","slug":"chaussure-a-lacer","status":"publish","type":"product","link":"https:\/\/monptibook.com\/index.php\/produit\/chaussure-a-lacer\/","title":{"rendered":"Chaussure \u00e0 lacer"},"content":{"rendered":"<p>Quel parent n&rsquo;a jamais \u00e9t\u00e9 confront\u00e9 \u00e0 la difficult\u00e9 d&rsquo;apprendre \u00e0 lacer ses chaussures \u00e0 son enfant?<\/p>\n<p>Une page d\u00e9tachable, que l&rsquo;on peut poser juste devant soi pour prendre son temps, sans \u00eatre les bras tendus au bout de sa jambe.<\/p>\n<p>Des couleurs attirantes et simples, votre enfant aimera s&rsquo;entrainer, se tromper, recommencer.<\/p>\n<p>Vous imaginez sa fiert\u00e9 \u00e0 sa premi\u00e8re r\u00e9ussite?<\/p>\n<p>&nbsp;<\/p>\n<p>Mat\u00e9riaux utilis\u00e9s :<\/p>\n<p>&#8211; fil de marque G\u00fctermann (connue dans le monde de la couture pour sa solidit\u00e9)<\/p>\n<p>&#8211; feutrine 100% polyester, certifi\u00e9e Oeko-Tex\u00ae, garantissant ainsi sa durabilit\u00e9 et son respect de l\u2019environnement.<\/p>\n<p>&#8211; lacets<\/p>\n<p>Les pages \u00e9tant r\u00e9alis\u00e9es \u00e0 la main, votre page peut ne pas ressembler exactement \u00e0 la photo, mais je m\u2019emploie \u00e0 ce qu\u2019elle s\u2019en rapproche le plus fid\u00e8lement possible.<\/p>\n","protected":false},"excerpt":{"rendered":"<p>On lace sa chaussure! &hellip; <a href=\"https:\/\/monptibook.com\/index.php\/produit\/chaussure-a-lacer\/\" class=\"more-link\"><span class=\"more-button\">Continue Reading &gt;<span class=\"screen-reader-text\">Chaussure \u00e0 lacer<\/span><\/span><\/a><\/p>\n","protected":false},"featured_media":643,"comment_status":"open","ping_status":"closed","template":"","meta":{"_themeisle_gutenberg_block_has_review":false},"product_brand":[],"product_cat":[21],"product_tag":[],"class_list":{"0":"post-646","1":"product","2":"type-product","3":"status-publish","4":"has-post-thumbnail","6":"product_cat-a-manipuler","8":"first","9":"instock","10":"taxable","11":"shipping-taxable","12":"purchasable","13":"product-type-simple"},"jetpack_sharing_enabled":true,"_links":{"self":[{"href":"https:\/\/monptibook.com\/index.php\/wp-json\/wp\/v2\/product\/646","targetHints":{"allow":["GET"]}}],"collection":[{"href":"https:\/\/monptibook.com\/index.php\/wp-json\/wp\/v2\/product"}],"about":[{"href":"https:\/\/monptibook.com\/index.php\/wp-json\/wp\/v2\/types\/product"}],"replies":[{"embeddable":true,"href":"https:\/\/monptibook.com\/index.php\/wp-json\/wp\/v2\/comments?post=646"}],"wp:featuredmedia":[{"embeddable":true,"href":"https:\/\/monptibook.com\/index.php\/wp-json\/wp\/v2\/media\/643"}],"wp:attachment":[{"href":"https:\/\/monptibook.com\/index.php\/wp-json\/wp\/v2\/media?parent=646"}],"wp:term":[{"taxonomy":"product_brand","embeddable":true,"href":"https:\/\/monptibook.com\/index.php\/wp-json\/wp\/v2\/product_brand?post=646"},{"taxonomy":"product_cat","embeddable":true,"href":"https:\/\/monptibook.com\/index.php\/wp-json\/wp\/v2\/product_cat?post=646"},{"taxonomy":"product_tag","embeddable":true,"href":"https:\/\/monptibook.com\/index.php\/wp-json\/wp\/v2\/product_tag?post=646"}],"curies":[{"name":"wp","href":"https:\/\/api.w.org\/{rel}","templated":true}]}}