{"id":573,"date":"2024-11-16T14:29:26","date_gmt":"2024-11-16T13:29:26","guid":{"rendered":"https:\/\/monptibook.com\/?post_type=product&#038;p=573"},"modified":"2024-11-19T18:21:04","modified_gmt":"2024-11-19T17:21:04","slug":"cadre-blanc-cerf","status":"publish","type":"product","link":"https:\/\/monptibook.com\/index.php\/produit\/cadre-blanc-cerf\/","title":{"rendered":"cadre blanc renne"},"content":{"rendered":"<p>Dimensions 23cm x 19cm<br \/>\nLes d\u00e9corations, en feutrine, sont mises en avant par la lumi\u00e8re douce de la guirlande \u00e0 LED install\u00e9e \u00e0 l\u2019int\u00e9rieur du cadre.<br \/>\nUn interrupteur \u00e0 piles est install\u00e9 \u00e0 l\u2019arri\u00e8re du cadre afin de pouvoir l\u2019allumer ou l\u2019\u00e9teindre \u00e0 volont\u00e9.<\/p>\n","protected":false},"excerpt":{"rendered":"<p>Dimensions 23cm x 19cm<br \/>\nLes d\u00e9corations, en feutrine, sont mises en avant par la lumi\u00e8re douce de la guirlande \u00e0 LED install\u00e9e \u00e0 l\u2019int\u00e9rieur du cadre.<br \/>\nUn interrupteur \u00e0 piles est install\u00e9 \u00e0 l\u2019arri\u00e8re du cadre afin de pouvoir l\u2019allumer ou l\u2019\u00e9teindre \u00e0 volont\u00e9. &hellip; <a href=\"https:\/\/monptibook.com\/index.php\/produit\/cadre-blanc-cerf\/\" class=\"more-link\"><span class=\"more-button\">Continue Reading &gt;<span class=\"screen-reader-text\">cadre blanc renne<\/span><\/span><\/a><\/p>\n","protected":false},"featured_media":614,"comment_status":"open","ping_status":"closed","template":"","meta":{"_themeisle_gutenberg_block_has_review":false},"product_brand":[],"product_cat":[25],"product_tag":[],"class_list":{"0":"post-573","1":"product","2":"type-product","3":"status-publish","4":"has-post-thumbnail","6":"product_cat-cadre-de-noel","8":"first","9":"instock","10":"taxable","11":"shipping-taxable","12":"purchasable","13":"product-type-simple"},"jetpack_sharing_enabled":true,"_links":{"self":[{"href":"https:\/\/monptibook.com\/index.php\/wp-json\/wp\/v2\/product\/573","targetHints":{"allow":["GET"]}}],"collection":[{"href":"https:\/\/monptibook.com\/index.php\/wp-json\/wp\/v2\/product"}],"about":[{"href":"https:\/\/monptibook.com\/index.php\/wp-json\/wp\/v2\/types\/product"}],"replies":[{"embeddable":true,"href":"https:\/\/monptibook.com\/index.php\/wp-json\/wp\/v2\/comments?post=573"}],"wp:featuredmedia":[{"embeddable":true,"href":"https:\/\/monptibook.com\/index.php\/wp-json\/wp\/v2\/media\/614"}],"wp:attachment":[{"href":"https:\/\/monptibook.com\/index.php\/wp-json\/wp\/v2\/media?parent=573"}],"wp:term":[{"taxonomy":"product_brand","embeddable":true,"href":"https:\/\/monptibook.com\/index.php\/wp-json\/wp\/v2\/product_brand?post=573"},{"taxonomy":"product_cat","embeddable":true,"href":"https:\/\/monptibook.com\/index.php\/wp-json\/wp\/v2\/product_cat?post=573"},{"taxonomy":"product_tag","embeddable":true,"href":"https:\/\/monptibook.com\/index.php\/wp-json\/wp\/v2\/product_tag?post=573"}],"curies":[{"name":"wp","href":"https:\/\/api.w.org\/{rel}","templated":true}]}}