{"id":201,"date":"2023-10-15T09:45:08","date_gmt":"2023-10-15T07:45:08","guid":{"rendered":"https:\/\/monptibook.com\/?post_type=product&#038;p=201"},"modified":"2025-01-24T14:17:44","modified_gmt":"2025-01-24T13:17:44","slug":"couverture","status":"publish","type":"product","link":"https:\/\/monptibook.com\/index.php\/produit\/couverture\/","title":{"rendered":"Couverture personnalis\u00e9e"},"content":{"rendered":"<p>La page de couverture est tr\u00e8s importante pour la structure de votre Ptibook.<\/p>\n<p>Personnalisable au pr\u00e9nom de votre enfant, les couleurs seront quant \u00e0 elles al\u00e9atoires. Si vous souhaitez des couleurs particuli\u00e8res, merci de me contacter pour que nous r\u00e9alisions un devis ensemble.<\/p>\n<p>J\u2019ai r\u00e9alis\u00e9 cette couverture de Ptibook en imaginant plusieurs situations\u00a0:<\/p>\n<p>&#8211; la d\u00e9couverte du livre par l\u2019enfant, avec son attrait multicolore et son pr\u00e9nom en \u00e9vidence.<\/p>\n<p>&#8211; la solidit\u00e9 de l\u2019ensemble, malgr\u00e9 tout d\u00e9tachable par les liens, pour pouvoir r\u00e9organiser les pages, les sortir le temps de la manipulation, ou mettre en \u00e9vidence certaines pages en en rangeant d\u2019autres le temps que votre enfant grandisse.<\/p>\n<p>&#8211; une couverture d\u00e9corative qui peut vous permettre d\u2019en faire un objet de d\u00e9coration dans la chambre de votre enfant ou le coin jeux, quand le Ptibook n\u2019est pas entre les mains de votre Pti-bootchou\u00a0!<\/p>\n<p>Mat\u00e9riaux utilis\u00e9s :<\/p>\n<p>&#8211; fil de marque G\u00fctermann (connue dans le monde de la couture pour sa solidit\u00e9)<\/p>\n<p>&#8211; feutrine 100% polyester, certifi\u00e9e Oeko-Tex\u00ae, garantissant ainsi sa durabilit\u00e9 et son respect de l\u2019environnement.<\/p>\n<p>&#8211; colle textile sans solvant UHU creativ\u2019 sp\u00e9ciale feutrine<\/p>\n<p>Les pages \u00e9tant r\u00e9alis\u00e9es \u00e0 la main, votre page peut ne pas ressembler exactement \u00e0 la photo, mais je m\u2019emploie \u00e0 ce qu\u2019elle s\u2019en rapproche le plus fid\u00e8lement possible.<\/p>\n","protected":false},"excerpt":{"rendered":"<p>Une couverture d\u00e9corative et personnalis\u00e9e. &hellip; <a href=\"https:\/\/monptibook.com\/index.php\/produit\/couverture\/\" class=\"more-link\"><span class=\"more-button\">Continue Reading &gt;<span class=\"screen-reader-text\">Couverture personnalis\u00e9e<\/span><\/span><\/a><\/p>\n","protected":false},"featured_media":293,"comment_status":"open","ping_status":"closed","template":"","meta":{"_themeisle_gutenberg_block_has_review":false},"product_brand":[],"product_cat":[23],"product_tag":[],"class_list":{"0":"post-201","1":"product","2":"type-product","3":"status-publish","4":"has-post-thumbnail","6":"product_cat-converture","7":"wcpa_has_options","9":"first","10":"instock","11":"taxable","12":"shipping-taxable","13":"purchasable","14":"product-type-simple"},"jetpack_sharing_enabled":true,"_links":{"self":[{"href":"https:\/\/monptibook.com\/index.php\/wp-json\/wp\/v2\/product\/201","targetHints":{"allow":["GET"]}}],"collection":[{"href":"https:\/\/monptibook.com\/index.php\/wp-json\/wp\/v2\/product"}],"about":[{"href":"https:\/\/monptibook.com\/index.php\/wp-json\/wp\/v2\/types\/product"}],"replies":[{"embeddable":true,"href":"https:\/\/monptibook.com\/index.php\/wp-json\/wp\/v2\/comments?post=201"}],"wp:featuredmedia":[{"embeddable":true,"href":"https:\/\/monptibook.com\/index.php\/wp-json\/wp\/v2\/media\/293"}],"wp:attachment":[{"href":"https:\/\/monptibook.com\/index.php\/wp-json\/wp\/v2\/media?parent=201"}],"wp:term":[{"taxonomy":"product_brand","embeddable":true,"href":"https:\/\/monptibook.com\/index.php\/wp-json\/wp\/v2\/product_brand?post=201"},{"taxonomy":"product_cat","embeddable":true,"href":"https:\/\/monptibook.com\/index.php\/wp-json\/wp\/v2\/product_cat?post=201"},{"taxonomy":"product_tag","embeddable":true,"href":"https:\/\/monptibook.com\/index.php\/wp-json\/wp\/v2\/product_tag?post=201"}],"curies":[{"name":"wp","href":"https:\/\/api.w.org\/{rel}","templated":true}]}}