{"id":200,"date":"2023-10-15T09:44:42","date_gmt":"2023-10-15T07:44:42","guid":{"rendered":"https:\/\/monptibook.com\/?post_type=product&#038;p=200"},"modified":"2023-11-17T22:09:16","modified_gmt":"2023-11-17T21:09:16","slug":"allons-au-marche","status":"publish","type":"product","link":"https:\/\/monptibook.com\/index.php\/produit\/allons-au-marche\/","title":{"rendered":"Allons au march\u00e9"},"content":{"rendered":"<p>A travers cette page, votre enfant pourra travailler :<\/p>\n<p>&#8211; Le vocabulaire des premiers fruits<\/p>\n<p>&#8211; Le toucher (feutrine, scratch c\u00f4t\u00e9 doux et c\u00f4t\u00e9 piquant) et les couleurs<\/p>\n<p>&#8211; la manipulation du scratch, avec la d\u00e9couverte du bruit qui l\u2019accompagne<\/p>\n<p>&#8211; le puzzle, en remettant chaque moiti\u00e9 de fruit au bon endroit.<\/p>\n<p>Vous pourrez \u00e9galement jouer \u00e0 la \u00ab\u00a0marchande\u00a0\u00bb en commandant \u00e0 votre enfant un fruit en particulier dans panier. Il devra alors retrouver le bon morceau pour le coller au bon endroit.<\/p>\n<p>Chaque pi\u00e8ce est munie d\u2019un scratch autocollant que j\u2019ai coll\u00e9 pour en assurer davantage le maintien.<\/p>\n<p>&nbsp;<\/p>\n<p>Mat\u00e9riaux utilis\u00e9s\u00a0:<\/p>\n<p>&nbsp;<\/p>\n<p>&#8211; fil de marque G\u00fctermann (connue dans le monde de la couture pour sa solidit\u00e9)<\/p>\n<p>&#8211; feutrine 100% polyester, certifi\u00e9e Oeko-Tex\u00ae, garantissant ainsi sa durabilit\u00e9 et son respect de l\u2019environnement.<\/p>\n<p>&#8211; colle textile sans solvant UHU creativ\u2019 sp\u00e9ciale feutrine<\/p>\n<p>&#8211; scratch autocollant<\/p>\n<p>Les pages \u00e9tant r\u00e9alis\u00e9es \u00e0 la main, votre page peut ne pas ressembler exactement \u00e0 la photo, mais je m\u2019emploie \u00e0 ce qu\u2019elle s\u2019en rapproche le plus fid\u00e8lement possible.<\/p>\n","protected":false},"excerpt":{"rendered":"<p>Qu&rsquo;y a-t-il dans ce panier? De jolis fruits \u00e0 compl\u00e9ter. &hellip; <a href=\"https:\/\/monptibook.com\/index.php\/produit\/allons-au-marche\/\" class=\"more-link\"><span class=\"more-button\">Continue Reading &gt;<span class=\"screen-reader-text\">Allons au march\u00e9<\/span><\/span><\/a><\/p>\n","protected":false},"featured_media":256,"comment_status":"open","ping_status":"closed","template":"","meta":{"_themeisle_gutenberg_block_has_review":false},"product_brand":[],"product_cat":[22],"product_tag":[],"class_list":{"0":"post-200","1":"product","2":"type-product","3":"status-publish","4":"has-post-thumbnail","6":"product_cat-puzzle","8":"first","9":"instock","10":"taxable","11":"shipping-taxable","12":"purchasable","13":"product-type-simple"},"jetpack_sharing_enabled":true,"_links":{"self":[{"href":"https:\/\/monptibook.com\/index.php\/wp-json\/wp\/v2\/product\/200","targetHints":{"allow":["GET"]}}],"collection":[{"href":"https:\/\/monptibook.com\/index.php\/wp-json\/wp\/v2\/product"}],"about":[{"href":"https:\/\/monptibook.com\/index.php\/wp-json\/wp\/v2\/types\/product"}],"replies":[{"embeddable":true,"href":"https:\/\/monptibook.com\/index.php\/wp-json\/wp\/v2\/comments?post=200"}],"wp:featuredmedia":[{"embeddable":true,"href":"https:\/\/monptibook.com\/index.php\/wp-json\/wp\/v2\/media\/256"}],"wp:attachment":[{"href":"https:\/\/monptibook.com\/index.php\/wp-json\/wp\/v2\/media?parent=200"}],"wp:term":[{"taxonomy":"product_brand","embeddable":true,"href":"https:\/\/monptibook.com\/index.php\/wp-json\/wp\/v2\/product_brand?post=200"},{"taxonomy":"product_cat","embeddable":true,"href":"https:\/\/monptibook.com\/index.php\/wp-json\/wp\/v2\/product_cat?post=200"},{"taxonomy":"product_tag","embeddable":true,"href":"https:\/\/monptibook.com\/index.php\/wp-json\/wp\/v2\/product_tag?post=200"}],"curies":[{"name":"wp","href":"https:\/\/api.w.org\/{rel}","templated":true}]}}