{"id":199,"date":"2023-10-15T09:44:04","date_gmt":"2023-10-15T07:44:04","guid":{"rendered":"https:\/\/monptibook.com\/?post_type=product&#038;p=199"},"modified":"2023-11-17T22:09:27","modified_gmt":"2023-11-17T21:09:27","slug":"les-chiffres-de-6-a-10","status":"publish","type":"product","link":"https:\/\/monptibook.com\/index.php\/produit\/les-chiffres-de-6-a-10\/","title":{"rendered":"Les chiffres de 6 \u00e0 10"},"content":{"rendered":"<p>Ces deux pages (1 \u00e0 5 et 6 \u00e0 10) vont permettre \u00e0 votre enfant de se familiariser avec les quantit\u00e9s et les nombres jusque 10.<\/p>\n<p>Dans un premier temps, votre enfant pourra d\u00e9couvrir les \u00e9critures des chiffres, en jouant et manipulant les \u00ab\u00a0perles de pluie\u00a0\u00bb.<\/p>\n<p>Puis, seul ou avec votre aide, il remarquera qu\u2019il y a de plus en plus de perles : le chiffre 6 est li\u00e9 avec six perles de pluie, le chiffre 10 avec dix perles de pluie.<\/p>\n<p>Il pourra \u00e9galement s\u2019apercevoir que 10 est plus grand que 16 de par la quantit\u00e9 de perles qui leur est associ\u00e9e.<\/p>\n<p>Plusieurs petits jeux peuvent \u00eatre r\u00e9alis\u00e9s avec ces deux pages, de la manipulation la plus basique \u00e0 la comparaison des quantit\u00e9s (plus petit que, plus grand que), en passant par l\u2019ordre num\u00e9rique ainsi que des questions du type : \u00ab montre-moi le chiffre 7 \u00bb, dont la r\u00e9ponse sera plus facilement identifiable avec le nombre de perles de pluie.<\/p>\n<p>Mat\u00e9riaux utilis\u00e9s :<\/p>\n<p>&#8211; fil de marque G\u00fctermann (connue dans le monde de la couture pour sa solidit\u00e9)<\/p>\n<p>&#8211; feutrine 100% polyester, certifi\u00e9e Oeko-Tex\u00ae, garantissant ainsi sa durabilit\u00e9 et son respect de l\u2019environnement.<\/p>\n<p>&#8211; perles cylindriques de 5mm de diam\u00e8tre. <u>Attention ! Ne convient pas aux enfants de moins de 36 mois. Petits \u00e9l\u00e9ments. Danger d&rsquo;\u00e9touffement.<\/u> M\u00eame si les cordons sont solidement attach\u00e9s, \u00e0 manipuler sous la surveillance d\u2019un adulte pour \u00e9viter tout risque.<\/p>\n<p>&#8211; colle textile sans solvant UHU creativ\u2019 sp\u00e9ciale feutrine<\/p>\n<p>-cordon coton 3 mm.<\/p>\n<p>Les pages \u00e9tant r\u00e9alis\u00e9es \u00e0 la main, votre page peut ne pas ressembler exactement \u00e0 la photo, mais je m\u2019emploie \u00e0 ce qu\u2019elle s\u2019en rapproche le plus fid\u00e8lement possible.<\/p>\n","protected":false},"excerpt":{"rendered":"<p>Manipulation des chiffres de 6 \u00e0 10 par le jeu. &hellip; <a href=\"https:\/\/monptibook.com\/index.php\/produit\/les-chiffres-de-6-a-10\/\" class=\"more-link\"><span class=\"more-button\">Continue Reading &gt;<span class=\"screen-reader-text\">Les chiffres de 6 \u00e0 10<\/span><\/span><\/a><\/p>\n","protected":false},"featured_media":230,"comment_status":"open","ping_status":"closed","template":"","meta":{"_themeisle_gutenberg_block_has_review":false},"product_brand":[],"product_cat":[21],"product_tag":[],"class_list":{"0":"post-199","1":"product","2":"type-product","3":"status-publish","4":"has-post-thumbnail","6":"product_cat-a-manipuler","8":"first","9":"instock","10":"taxable","11":"shipping-taxable","12":"purchasable","13":"product-type-simple"},"jetpack_sharing_enabled":true,"_links":{"self":[{"href":"https:\/\/monptibook.com\/index.php\/wp-json\/wp\/v2\/product\/199","targetHints":{"allow":["GET"]}}],"collection":[{"href":"https:\/\/monptibook.com\/index.php\/wp-json\/wp\/v2\/product"}],"about":[{"href":"https:\/\/monptibook.com\/index.php\/wp-json\/wp\/v2\/types\/product"}],"replies":[{"embeddable":true,"href":"https:\/\/monptibook.com\/index.php\/wp-json\/wp\/v2\/comments?post=199"}],"wp:featuredmedia":[{"embeddable":true,"href":"https:\/\/monptibook.com\/index.php\/wp-json\/wp\/v2\/media\/230"}],"wp:attachment":[{"href":"https:\/\/monptibook.com\/index.php\/wp-json\/wp\/v2\/media?parent=199"}],"wp:term":[{"taxonomy":"product_brand","embeddable":true,"href":"https:\/\/monptibook.com\/index.php\/wp-json\/wp\/v2\/product_brand?post=199"},{"taxonomy":"product_cat","embeddable":true,"href":"https:\/\/monptibook.com\/index.php\/wp-json\/wp\/v2\/product_cat?post=199"},{"taxonomy":"product_tag","embeddable":true,"href":"https:\/\/monptibook.com\/index.php\/wp-json\/wp\/v2\/product_tag?post=199"}],"curies":[{"name":"wp","href":"https:\/\/api.w.org\/{rel}","templated":true}]}}