{"id":196,"date":"2023-10-15T09:41:14","date_gmt":"2023-10-15T07:41:14","guid":{"rendered":"https:\/\/monptibook.com\/?post_type=product&#038;p=196"},"modified":"2025-02-28T11:28:01","modified_gmt":"2025-02-28T10:28:01","slug":"alphabet-arc-en-ciel","status":"publish","type":"product","link":"https:\/\/monptibook.com\/index.php\/produit\/alphabet-arc-en-ciel\/","title":{"rendered":"Alphabet arc-en-ciel"},"content":{"rendered":"<p>Avec cette page, votre enfant pourra jouer avec les lettres de l\u2019alphabet.<\/p>\n<p>Plusieurs niveaux de jeux sont possibles\u00a0:<\/p>\n<p>Un jeu de manipulation des scratchs en fonction des couleurs de l\u2019arc-en-ciel\u00a0;<\/p>\n<p>Enlever quelques lettres que votre enfant devra replacer. Vous pourrez ainsi commencer par les lettres qu\u2019il reconna\u00eet pour en ajouter au fur et \u00e0 mesure de son aisance\u00a0;<\/p>\n<p>Il pourra s\u2019aider du code couleur de chaque lettre pour la situer plut\u00f4t au d\u00e9but, au milieu ou \u00e0 la fin de l\u2019arc-en-ciel., et ainsi recr\u00e9er l\u2019alphabet en entier.<\/p>\n<p>La cr\u00e9ation de cette page est tr\u00e8s longue, les \u00e9tapes sont nombreuses et minutieuses. C\u2019est pour cela que son co\u00fbt diff\u00e8re des autres pages propos\u00e9es du Ptibook.<\/p>\n<p>Mat\u00e9riaux utilis\u00e9s\u00a0:<\/p>\n<p>&#8211; fil de marque G\u00fctermann (connue dans le monde de la couture pour sa solidit\u00e9)<\/p>\n<p>&#8211; feutrine 100% polyester, certifi\u00e9e Oeko-Tex\u00ae, garantissant ainsi sa durabilit\u00e9 et son respect de l\u2019environnement.<\/p>\n<p>&#8211; scratch adh\u00e9sif (doublement coll\u00e9)<\/p>\n<p>&#8211; colle textile sans solvant UHU creativ\u2019 sp\u00e9ciale feutrine<\/p>\n<p>Les pages \u00e9tant r\u00e9alis\u00e9es \u00e0 la main, votre page peut ne pas ressembler exactement \u00e0 la photo, mais je m\u2019emploie \u00e0 ce qu\u2019elle s\u2019en rapproche le plus fid\u00e8lement possible.<\/p>\n","protected":false},"excerpt":{"rendered":"<p>Un alphabet multicolore manipulable \u00e0 l&rsquo;infini. &hellip; <a href=\"https:\/\/monptibook.com\/index.php\/produit\/alphabet-arc-en-ciel\/\" class=\"more-link\"><span class=\"more-button\">Continue Reading &gt;<span class=\"screen-reader-text\">Alphabet arc-en-ciel<\/span><\/span><\/a><\/p>\n","protected":false},"featured_media":298,"comment_status":"open","ping_status":"closed","template":"","meta":{"_themeisle_gutenberg_block_has_review":false},"product_brand":[],"product_cat":[21,22],"product_tag":[],"class_list":{"0":"post-196","1":"product","2":"type-product","3":"status-publish","4":"has-post-thumbnail","6":"product_cat-a-manipuler","7":"product_cat-puzzle","9":"first","10":"instock","11":"taxable","12":"shipping-taxable","13":"purchasable","14":"product-type-simple"},"jetpack_sharing_enabled":true,"_links":{"self":[{"href":"https:\/\/monptibook.com\/index.php\/wp-json\/wp\/v2\/product\/196","targetHints":{"allow":["GET"]}}],"collection":[{"href":"https:\/\/monptibook.com\/index.php\/wp-json\/wp\/v2\/product"}],"about":[{"href":"https:\/\/monptibook.com\/index.php\/wp-json\/wp\/v2\/types\/product"}],"replies":[{"embeddable":true,"href":"https:\/\/monptibook.com\/index.php\/wp-json\/wp\/v2\/comments?post=196"}],"wp:featuredmedia":[{"embeddable":true,"href":"https:\/\/monptibook.com\/index.php\/wp-json\/wp\/v2\/media\/298"}],"wp:attachment":[{"href":"https:\/\/monptibook.com\/index.php\/wp-json\/wp\/v2\/media?parent=196"}],"wp:term":[{"taxonomy":"product_brand","embeddable":true,"href":"https:\/\/monptibook.com\/index.php\/wp-json\/wp\/v2\/product_brand?post=196"},{"taxonomy":"product_cat","embeddable":true,"href":"https:\/\/monptibook.com\/index.php\/wp-json\/wp\/v2\/product_cat?post=196"},{"taxonomy":"product_tag","embeddable":true,"href":"https:\/\/monptibook.com\/index.php\/wp-json\/wp\/v2\/product_tag?post=196"}],"curies":[{"name":"wp","href":"https:\/\/api.w.org\/{rel}","templated":true}]}}