{"id":195,"date":"2023-10-15T09:40:32","date_gmt":"2023-10-15T07:40:32","guid":{"rendered":"https:\/\/monptibook.com\/?post_type=product&#038;p=195"},"modified":"2025-01-24T14:18:57","modified_gmt":"2025-01-24T13:18:57","slug":"puzzle-formes","status":"publish","type":"product","link":"https:\/\/monptibook.com\/index.php\/produit\/puzzle-formes\/","title":{"rendered":"Puzzle formes"},"content":{"rendered":"<p>Avec cette page, votre enfant pourra s\u2019amuser \u00e0 reconna\u00eetre les formes g\u00e9om\u00e9triques principales associ\u00e9es \u00e0 leur couleur. Chaque pi\u00e8ce est munie d\u2019un scratch autocollant que j\u2019ai coll\u00e9 pour en assurer davantage le maintien.<\/p>\n<p>&nbsp;<\/p>\n<p>Mat\u00e9riaux utilis\u00e9s\u00a0:<\/p>\n<p>&#8211; fil de marque G\u00fctermann (connue dans le monde de la couture pour sa solidit\u00e9)<\/p>\n<p>&#8211; feutrine 100% polyester, certifi\u00e9e Oeko-Tex\u00ae, garantissant ainsi sa durabilit\u00e9 et son respect de l\u2019environnement.<\/p>\n<p>&#8211; scratch adh\u00e9sif<\/p>\n<p>&#8211; colle textile sans solvant UHU creativ\u2019 sp\u00e9ciale feutrine<\/p>\n<p>Les pages \u00e9tant r\u00e9alis\u00e9es \u00e0 la main, votre page peut ne pas ressembler exactement \u00e0 la photo, mais je m\u2019emploie \u00e0 ce qu\u2019elle s\u2019en rapproche le plus fid\u00e8lement possible.<\/p>\n","protected":false},"excerpt":{"rendered":"<p>Les formes g\u00e9om\u00e9triques basiques, dans un puzzle multicolore tout doux. &hellip; <a href=\"https:\/\/monptibook.com\/index.php\/produit\/puzzle-formes\/\" class=\"more-link\"><span class=\"more-button\">Continue Reading &gt;<span class=\"screen-reader-text\">Puzzle formes<\/span><\/span><\/a><\/p>\n","protected":false},"featured_media":240,"comment_status":"open","ping_status":"closed","template":"","meta":{"_themeisle_gutenberg_block_has_review":false},"product_brand":[],"product_cat":[21,22],"product_tag":[],"class_list":{"0":"post-195","1":"product","2":"type-product","3":"status-publish","4":"has-post-thumbnail","6":"product_cat-a-manipuler","7":"product_cat-puzzle","9":"first","10":"instock","11":"taxable","12":"shipping-taxable","13":"purchasable","14":"product-type-simple"},"jetpack_sharing_enabled":true,"_links":{"self":[{"href":"https:\/\/monptibook.com\/index.php\/wp-json\/wp\/v2\/product\/195","targetHints":{"allow":["GET"]}}],"collection":[{"href":"https:\/\/monptibook.com\/index.php\/wp-json\/wp\/v2\/product"}],"about":[{"href":"https:\/\/monptibook.com\/index.php\/wp-json\/wp\/v2\/types\/product"}],"replies":[{"embeddable":true,"href":"https:\/\/monptibook.com\/index.php\/wp-json\/wp\/v2\/comments?post=195"}],"wp:featuredmedia":[{"embeddable":true,"href":"https:\/\/monptibook.com\/index.php\/wp-json\/wp\/v2\/media\/240"}],"wp:attachment":[{"href":"https:\/\/monptibook.com\/index.php\/wp-json\/wp\/v2\/media?parent=195"}],"wp:term":[{"taxonomy":"product_brand","embeddable":true,"href":"https:\/\/monptibook.com\/index.php\/wp-json\/wp\/v2\/product_brand?post=195"},{"taxonomy":"product_cat","embeddable":true,"href":"https:\/\/monptibook.com\/index.php\/wp-json\/wp\/v2\/product_cat?post=195"},{"taxonomy":"product_tag","embeddable":true,"href":"https:\/\/monptibook.com\/index.php\/wp-json\/wp\/v2\/product_tag?post=195"}],"curies":[{"name":"wp","href":"https:\/\/api.w.org\/{rel}","templated":true}]}}