{"id":189,"date":"2023-08-23T00:34:59","date_gmt":"2023-08-22T22:34:59","guid":{"rendered":"https:\/\/monptibook.com\/?post_type=product&#038;p=189"},"modified":"2023-11-17T22:12:51","modified_gmt":"2023-11-17T21:12:51","slug":"fleurs-pression","status":"publish","type":"product","link":"https:\/\/monptibook.com\/index.php\/produit\/fleurs-pression\/","title":{"rendered":"Fleurs pressions"},"content":{"rendered":"<div class=\"presented-response-container ng-tns-c1649700303-167\">\n<div class=\"response-container-content ng-tns-c1649700303-167\">\n<div class=\"response-content ng-trigger ng-trigger-responsePopulation ng-tns-c1649700303-167 ng-animate-disabled\">\n<div class=\"markdown markdown-main-panel\" dir=\"ltr\">\n<p>Pens\u00e9e \u00e0 l\u2019origine comme une page \u2013 puzzle, j\u2019ai par la suite imagin\u00e9 la page \u00ab\u00a0fleurs pressions\u00a0\u00bb sous diff\u00e9rents angles\u00a0:<\/p>\n<p>&#8211; une approche visuelle, color\u00e9e, pour les plus petits, sans avoir besoin de manipuler.<\/p>\n<p>&#8211; une approche tactile, avec les p\u00e9tales des fleurs qui se soul\u00e8vent quand votre tout petit les prend entre ses doigts.<\/p>\n<p>&#8211; une manipulation, avec les boutons pressions qu\u2019il faut comprendre, les enlever, puis les remettre.<\/p>\n<p>&#8211; un jeu de reconnaissance des couleurs, avec les fleurs \u00e0 remettre dans l\u2019ordre selon la couleur demand\u00e9e par l\u2019adulte par exemple.<\/p>\n<p>&#8211; enfin, laissez votre enfant exp\u00e9rimenter et essayer diff\u00e9rentes choses. Il n&rsquo;y a pas de bonne ou de mauvaise fa\u00e7on de jouer avec les fleurs en feutrine.<\/p>\n<p>Le syst\u00e8me des fleurs dont les p\u00e9tales sont accroch\u00e9s par une pression est un excellent moyen pour les enfants de d\u00e9velopper leur motricit\u00e9 fine et leur coordination \u0153il-main. Ils doivent utiliser leurs doigts pour d\u00e9tacher et attacher les p\u00e9tales, ce qui les aide \u00e0 d\u00e9velopper leur force et leur pr\u00e9cision. Ils doivent \u00e9galement utiliser leurs yeux pour suivre les p\u00e9tales et s&rsquo;assurer qu&rsquo;ils sont correctement attach\u00e9s, ce qui les aide \u00e0 d\u00e9velopper leur coordination \u0153il-main.<\/p>\n<p>En plus de ces avantages, les fleurs en feutrine sont \u00e9galement un excellent moyen pour les enfants d&rsquo;apprendre \u00e0 conna\u00eetre les diff\u00e9rentes couleurs et formes. Ils peuvent \u00e9galement utiliser leur imagination pour cr\u00e9er des histoires et des sc\u00e8nes avec les fleurs, ce qui leur permet d&rsquo;exprimer leur cr\u00e9ativit\u00e9.<\/p>\n<p>&nbsp;<\/p>\n<p>Mat\u00e9riaux utilis\u00e9s\u00a0:<\/p>\n<p>&nbsp;<\/p>\n<p>&#8211; fil de marque G\u00fctermann (connue dans le monde de la couture pour sa solidit\u00e9)<\/p>\n<p>&#8211; feutrine 100% polyester, certifi\u00e9e Oeko-Tex\u00ae, garantissant ainsi sa durabilit\u00e9 et son respect de l\u2019environnement.<\/p>\n<p>&#8211; colle textile sans solvant UHU creativ\u2019 sp\u00e9ciale feutrine<\/p>\n<p>&#8211; bouton pression en plastique,<\/p>\n<p>Les pages \u00e9tant r\u00e9alis\u00e9es \u00e0 la main, votre page peut ne pas ressembler exactement \u00e0 la photo, mais je m\u2019emploie \u00e0 ce qu\u2019elle s\u2019en rapproche le plus fid\u00e8lement possible.<\/p>\n<\/div>\n<\/div>\n<\/div>\n<\/div>\n","protected":false},"excerpt":{"rendered":"<p class=\"query-text ng-tns-c317239227-100 ng-star-inserted\" dir=\"ltr\">Un joli paysage fleuri \u00e0 composer.<\/p>\n<p> &hellip; <a href=\"https:\/\/monptibook.com\/index.php\/produit\/fleurs-pression\/\" class=\"more-link\"><span class=\"more-button\">Continue Reading &gt;<span class=\"screen-reader-text\">Fleurs pressions<\/span><\/span><\/a><\/p>\n","protected":false},"featured_media":267,"comment_status":"open","ping_status":"closed","template":"","meta":{"_themeisle_gutenberg_block_has_review":false},"product_brand":[],"product_cat":[21,22],"product_tag":[],"class_list":{"0":"post-189","1":"product","2":"type-product","3":"status-publish","4":"has-post-thumbnail","6":"product_cat-a-manipuler","7":"product_cat-puzzle","9":"first","10":"instock","11":"taxable","12":"shipping-taxable","13":"purchasable","14":"product-type-simple"},"jetpack_sharing_enabled":true,"_links":{"self":[{"href":"https:\/\/monptibook.com\/index.php\/wp-json\/wp\/v2\/product\/189","targetHints":{"allow":["GET"]}}],"collection":[{"href":"https:\/\/monptibook.com\/index.php\/wp-json\/wp\/v2\/product"}],"about":[{"href":"https:\/\/monptibook.com\/index.php\/wp-json\/wp\/v2\/types\/product"}],"replies":[{"embeddable":true,"href":"https:\/\/monptibook.com\/index.php\/wp-json\/wp\/v2\/comments?post=189"}],"wp:featuredmedia":[{"embeddable":true,"href":"https:\/\/monptibook.com\/index.php\/wp-json\/wp\/v2\/media\/267"}],"wp:attachment":[{"href":"https:\/\/monptibook.com\/index.php\/wp-json\/wp\/v2\/media?parent=189"}],"wp:term":[{"taxonomy":"product_brand","embeddable":true,"href":"https:\/\/monptibook.com\/index.php\/wp-json\/wp\/v2\/product_brand?post=189"},{"taxonomy":"product_cat","embeddable":true,"href":"https:\/\/monptibook.com\/index.php\/wp-json\/wp\/v2\/product_cat?post=189"},{"taxonomy":"product_tag","embeddable":true,"href":"https:\/\/monptibook.com\/index.php\/wp-json\/wp\/v2\/product_tag?post=189"}],"curies":[{"name":"wp","href":"https:\/\/api.w.org\/{rel}","templated":true}]}}