{"id":186,"date":"2023-08-23T00:21:16","date_gmt":"2023-08-22T22:21:16","guid":{"rendered":"https:\/\/monptibook.com\/?post_type=product&#038;p=186"},"modified":"2025-01-24T14:20:03","modified_gmt":"2025-01-24T13:20:03","slug":"souris-et-fromage","status":"publish","type":"product","link":"https:\/\/monptibook.com\/index.php\/produit\/souris-et-fromage\/","title":{"rendered":"Souris et fromage"},"content":{"rendered":"<p>Cette mignonne petite souris accompagnera votre enfant dans une activit\u00e9 de manipulation. Faire passer un objet, attach\u00e9, d\u2019un c\u00f4t\u00e9 \u00e0 l\u2019autre de la page, est un exercice complexe. Il faut d\u2019abord sortir la souris de sa cachette, la prendre entre ses doigts, la faire passer dans un trou pour qu\u2019elle ressorte de l\u2019autre c\u00f4t\u00e9, en utilisant sa deuxi\u00e8me main pour la r\u00e9cup\u00e9rer. Il faut \u00e9galement comprendre que la souris ne pourra pas passer par plusieurs trous si on commence par un trou \u00e9loign\u00e9 de sa cachette.<\/p>\n<p>Les enfants peuvent \u00e9galement utiliser le fil pour attacher la souris \u00e0 diff\u00e9rents endroits sur la tranche de fromage, ce qui leur permet de cr\u00e9er des histoires et des sc\u00e8nes.<\/p>\n<p>Elle peut \u00eatre utilis\u00e9e pour d\u00e9velopper la motricit\u00e9 fine, la coordination \u0153il-main, la r\u00e9solution de probl\u00e8mes et la cr\u00e9ativit\u00e9.<\/p>\n<p>Tout un monde imaginaire va se cr\u00e9er dans la t\u00eate de votre enfant\u00a0!<\/p>\n<p>Mat\u00e9riaux utilis\u00e9s :<\/p>\n<p>&#8211; fil de marque G\u00fctermann (connue dans le monde de la couture pour sa solidit\u00e9)<\/p>\n<p>&#8211; feutrine 100% polyester, certifi\u00e9e Oeko-Tex\u00ae, garantissant ainsi sa durabilit\u00e9 et son respect de l\u2019environnement.<\/p>\n<p>&#8211; cordons et rubans divers<\/p>\n<p>&#8211; colle textile sans solvant UHU creativ\u2019 sp\u00e9ciale feutrine<\/p>\n<p>Les pages \u00e9tant r\u00e9alis\u00e9es \u00e0 la main, votre page peut ne pas ressembler exactement \u00e0 la photo, mais je m\u2019emploie \u00e0 ce qu\u2019elle s\u2019en rapproche le plus fid\u00e8lement possible.<\/p>\n","protected":false},"excerpt":{"rendered":"<p class=\"query-text ng-tns-c317239227-100 ng-star-inserted\" dir=\"ltr\">Amusez-vous avec cette petite souris gourmande et joueuse.<\/p>\n<p> &hellip; <a href=\"https:\/\/monptibook.com\/index.php\/produit\/souris-et-fromage\/\" class=\"more-link\"><span class=\"more-button\">Continue Reading &gt;<span class=\"screen-reader-text\">Souris et fromage<\/span><\/span><\/a><\/p>\n","protected":false},"featured_media":287,"comment_status":"open","ping_status":"closed","template":"","meta":{"_themeisle_gutenberg_block_has_review":false},"product_brand":[],"product_cat":[21],"product_tag":[],"class_list":{"0":"post-186","1":"product","2":"type-product","3":"status-publish","4":"has-post-thumbnail","6":"product_cat-a-manipuler","8":"first","9":"instock","10":"taxable","11":"shipping-taxable","12":"purchasable","13":"product-type-simple"},"jetpack_sharing_enabled":true,"_links":{"self":[{"href":"https:\/\/monptibook.com\/index.php\/wp-json\/wp\/v2\/product\/186","targetHints":{"allow":["GET"]}}],"collection":[{"href":"https:\/\/monptibook.com\/index.php\/wp-json\/wp\/v2\/product"}],"about":[{"href":"https:\/\/monptibook.com\/index.php\/wp-json\/wp\/v2\/types\/product"}],"replies":[{"embeddable":true,"href":"https:\/\/monptibook.com\/index.php\/wp-json\/wp\/v2\/comments?post=186"}],"wp:featuredmedia":[{"embeddable":true,"href":"https:\/\/monptibook.com\/index.php\/wp-json\/wp\/v2\/media\/287"}],"wp:attachment":[{"href":"https:\/\/monptibook.com\/index.php\/wp-json\/wp\/v2\/media?parent=186"}],"wp:term":[{"taxonomy":"product_brand","embeddable":true,"href":"https:\/\/monptibook.com\/index.php\/wp-json\/wp\/v2\/product_brand?post=186"},{"taxonomy":"product_cat","embeddable":true,"href":"https:\/\/monptibook.com\/index.php\/wp-json\/wp\/v2\/product_cat?post=186"},{"taxonomy":"product_tag","embeddable":true,"href":"https:\/\/monptibook.com\/index.php\/wp-json\/wp\/v2\/product_tag?post=186"}],"curies":[{"name":"wp","href":"https:\/\/api.w.org\/{rel}","templated":true}]}}