{"id":140,"date":"2023-08-22T13:06:32","date_gmt":"2023-08-22T11:06:32","guid":{"rendered":"https:\/\/monptibook.com\/?post_type=product&#038;p=140"},"modified":"2025-01-24T14:21:42","modified_gmt":"2025-01-24T13:21:42","slug":"fermetures-maisons-1","status":"publish","type":"product","link":"https:\/\/monptibook.com\/index.php\/produit\/fermetures-maisons-1\/","title":{"rendered":"Fermetures maisons 1"},"content":{"rendered":"<div class=\"presented-response-container ng-tns-c1649700303-167\">\n<div class=\"response-container-content ng-tns-c1649700303-167\">\n<div class=\"response-content ng-trigger ng-trigger-responsePopulation ng-tns-c1649700303-167 ng-animate-disabled\">\n<div class=\"markdown markdown-main-panel\" dir=\"ltr\">\n<p>Avec ces deux pages du Ptibook, votre enfant pourra s\u2019entra\u00eener \u00e0 ouvrir et fermer les petites maisons des animaux.<\/p>\n<p>Ouvrir et fermer un bouton, des scratchs, une pression, entr\u2019ouvrir des portes, et \u2026surprise\u00a0! un animal vous fait coucou\u00a0!<\/p>\n<p>Quel animal se cache derri\u00e8re les portes bouton\u00a0? il faudra r\u00e9ussir \u00e0 l\u2019ouvrir pour le d\u00e9couvrir, ou pour v\u00e9rifier son hypoth\u00e8se\u00a0!<\/p>\n<p>Les couleurs vives des maisons et les diff\u00e9rentes textures des fermetures attirent l&rsquo;attention des enfants et les encouragent \u00e0 toucher et explorer la page. Les couleurs des maisons permettent aux enfants de d\u00e9velopper leur acuit\u00e9 visuelle et leur perception spatiale. Les diff\u00e9rents types de fermetures permettent aux enfants de d\u00e9velopper leur motricit\u00e9 fine et leur sens du toucher.<\/p>\n<p>Les diff\u00e9rents syst\u00e8mes d\u2019accroches sont fermement cousus ou attach\u00e9s afin de ne pas rester dans la main de votre enfant.<\/p>\n<p>Vous pourrez par exemple\u00a0demander \u00e0 votre enfant\u00a0de\u00a0:<\/p>\n<p>&#8211; nommer les couleurs des maisons\u00a0;<\/p>\n<p>&#8211; nommer l\u2019animal qui se cache dans la maison\u00a0;<\/p>\n<p>&#8211; d\u00e9crire et nommer les diff\u00e9rentes fermetures\u00a0;<\/p>\n<p>&#8211; comparer les diff\u00e9rents types de fermeture et rechercher o\u00f9 ces fermetures existent dans les objets du quotidien (scratch des chaussures, du manteau, bouton du gilet, etc)\u00a0;<\/p>\n<p>&#8211; inventer une histoire avec les maisons.<\/p>\n<p>&nbsp;<\/p>\n<p>Mat\u00e9riaux utilis\u00e9s\u00a0:<\/p>\n<p>&nbsp;<\/p>\n<p>&#8211; fil de marque G\u00fctermann (connue dans le monde de la couture pour sa solidit\u00e9)<\/p>\n<p>&#8211; feutrine 100% polyester, certifi\u00e9e Oeko-Tex\u00ae, garantissant ainsi sa durabilit\u00e9 et son respect de l\u2019environnement.<\/p>\n<p>&#8211; colle textile sans solvant UHU creativ\u2019 sp\u00e9ciale feutrine<\/p>\n<p>-bouton en plastique, bouton pression en plastique, scratch adh\u00e9sif (doublement coll\u00e9)<\/p>\n<p>Les pages \u00e9tant r\u00e9alis\u00e9es \u00e0 la main, votre page peut ne pas ressembler exactement \u00e0 la photo, mais je m\u2019emploie \u00e0 ce qu\u2019elle s\u2019en rapproche le plus fid\u00e8lement possible.<\/p>\n<\/div>\n<\/div>\n<\/div>\n<\/div>\n","protected":false},"excerpt":{"rendered":"<p class=\"query-text ng-tns-c317239227-100 ng-star-inserted\" dir=\"ltr\">Qui se cache derri\u00e8re les portes de la maison? Ouvre-les pour le d\u00e9couvrir!<\/p>\n<p> &hellip; <a href=\"https:\/\/monptibook.com\/index.php\/produit\/fermetures-maisons-1\/\" class=\"more-link\"><span class=\"more-button\">Continue Reading &gt;<span class=\"screen-reader-text\">Fermetures maisons 1<\/span><\/span><\/a><\/p>\n","protected":false},"featured_media":260,"comment_status":"open","ping_status":"closed","template":"","meta":{"_themeisle_gutenberg_block_has_review":false},"product_brand":[],"product_cat":[21],"product_tag":[],"class_list":{"0":"post-140","1":"product","2":"type-product","3":"status-publish","4":"has-post-thumbnail","6":"product_cat-a-manipuler","8":"first","9":"instock","10":"taxable","11":"shipping-taxable","12":"purchasable","13":"product-type-simple"},"jetpack_sharing_enabled":true,"_links":{"self":[{"href":"https:\/\/monptibook.com\/index.php\/wp-json\/wp\/v2\/product\/140","targetHints":{"allow":["GET"]}}],"collection":[{"href":"https:\/\/monptibook.com\/index.php\/wp-json\/wp\/v2\/product"}],"about":[{"href":"https:\/\/monptibook.com\/index.php\/wp-json\/wp\/v2\/types\/product"}],"replies":[{"embeddable":true,"href":"https:\/\/monptibook.com\/index.php\/wp-json\/wp\/v2\/comments?post=140"}],"wp:featuredmedia":[{"embeddable":true,"href":"https:\/\/monptibook.com\/index.php\/wp-json\/wp\/v2\/media\/260"}],"wp:attachment":[{"href":"https:\/\/monptibook.com\/index.php\/wp-json\/wp\/v2\/media?parent=140"}],"wp:term":[{"taxonomy":"product_brand","embeddable":true,"href":"https:\/\/monptibook.com\/index.php\/wp-json\/wp\/v2\/product_brand?post=140"},{"taxonomy":"product_cat","embeddable":true,"href":"https:\/\/monptibook.com\/index.php\/wp-json\/wp\/v2\/product_cat?post=140"},{"taxonomy":"product_tag","embeddable":true,"href":"https:\/\/monptibook.com\/index.php\/wp-json\/wp\/v2\/product_tag?post=140"}],"curies":[{"name":"wp","href":"https:\/\/api.w.org\/{rel}","templated":true}]}}