{"id":128,"date":"2023-08-22T12:41:07","date_gmt":"2023-08-22T10:41:07","guid":{"rendered":"https:\/\/monptibook.com\/?post_type=product&#038;p=128"},"modified":"2025-01-24T14:22:31","modified_gmt":"2025-01-24T13:22:31","slug":"papillon-boutons","status":"publish","type":"product","link":"https:\/\/monptibook.com\/index.php\/produit\/papillon-boutons\/","title":{"rendered":"Papillon boutons"},"content":{"rendered":"<p>Avec ce joli papillon-boutons, votre enfant sera attir\u00e9 et stimul\u00e9 visuellement, mais aussi tactilement.<\/p>\n<p>&#8211; des boutons de formes, tailles et couleurs diff\u00e9rentes.<\/p>\n<p>&#8211; un toucher diff\u00e9rent selon les boutons<\/p>\n<p>&#8211; des couleurs plus ou moins vives, unies ou non.<\/p>\n<p>Chaque bouton est solidement cousu \u00e0 la feutrine. Pour \u00e9viter tout accident, veillez n\u00e9anmoins \u00e0 ce que votre enfant manipule la page sous surveillance.<\/p>\n<p>Cette page est utilisable lors de plusieurs \u00e9tapes importantes de son d\u00e9veloppement\u00a0:<\/p>\n<p>&#8211; Accroch\u00e9e pr\u00e8s de lui dans son coin jeu, ou son coin change, il pourra tourner la t\u00eate pour observer les couleurs.<\/p>\n<p>&#8211; Pos\u00e9e au sol \u00e0 c\u00f4t\u00e9 de lui, votre enfant pourra \u00eatre attir\u00e9 par les couleurs ou l\u2019envie de manipuler. Il devra alors faire l\u2019effort de se d\u00e9placer, voire de pivoter vers la page pour l\u2019atteindre.<\/p>\n<p>&#8211; Pos\u00e9e au sol avec b\u00e9b\u00e9 sur le ventre, la page pourra \u00eatre la base pour stimuler b\u00e9b\u00e9 lorsqu\u2019il fera l\u2019exercice difficile de relever la t\u00eate pendant un petit temps.<\/p>\n<p>&#8211; A l\u2019int\u00e9rieur du livre, associ\u00e9e aux autres pages de toucher et manipulation, votre tout petit pourra manipuler l\u2019ensemble allong\u00e9, ou assis, selon ses capacit\u00e9s.<\/p>\n<p>Pour les plus grands, cette page est aussi un support tr\u00e8s riche. Vous pourrez par exemple\u00a0demander \u00e0 votre enfant\u00a0de\u00a0:<\/p>\n<p>&#8211; nommer les couleurs de la page et des boutons\u00a0;<\/p>\n<p>&#8211; compter le nombre de boutons\u00a0au total, selon les tailles, les couleurs\u00a0;<\/p>\n<p>&#8211; d\u00e9crire une histoire sur le papillon.<\/p>\n<p>&nbsp;<\/p>\n<p>Mat\u00e9riaux utilis\u00e9s :<\/p>\n<p>&#8211; fil de marque G\u00fctermann (connue dans le monde de la couture pour sa solidit\u00e9)<\/p>\n<p>&#8211; feutrine 100% polyester, certifi\u00e9e Oeko-Tex\u00ae, garantissant ainsi sa durabilit\u00e9 et son respect de l\u2019environnement.<\/p>\n<p>&#8211; boutons divers en plastique<\/p>\n<p>&#8211; colle textile sans solvant UHU creativ\u2019 sp\u00e9ciale feutrine<\/p>\n<p>Les pages \u00e9tant r\u00e9alis\u00e9es \u00e0 la main, votre page peut ne pas ressembler exactement \u00e0 la photo, mais je m\u2019emploie \u00e0 ce qu\u2019elle s\u2019en rapproche le plus fid\u00e8lement possible.<\/p>\n","protected":false},"excerpt":{"rendered":"<p class=\"query-text ng-tns-c317239227-100 ng-star-inserted\" dir=\"ltr\">Un papillon multicolore qui \u00e9merveille petits et grands.<\/p>\n<p> &hellip; <a href=\"https:\/\/monptibook.com\/index.php\/produit\/papillon-boutons\/\" class=\"more-link\"><span class=\"more-button\">Continue Reading &gt;<span class=\"screen-reader-text\">Papillon boutons<\/span><\/span><\/a><\/p>\n","protected":false},"featured_media":281,"comment_status":"open","ping_status":"closed","template":"","meta":{"_themeisle_gutenberg_block_has_review":false},"product_brand":[],"product_cat":[20],"product_tag":[],"class_list":{"0":"post-128","1":"product","2":"type-product","3":"status-publish","4":"has-post-thumbnail","6":"product_cat-a-toucher","8":"first","9":"instock","10":"taxable","11":"shipping-taxable","12":"purchasable","13":"product-type-simple"},"jetpack_sharing_enabled":true,"_links":{"self":[{"href":"https:\/\/monptibook.com\/index.php\/wp-json\/wp\/v2\/product\/128","targetHints":{"allow":["GET"]}}],"collection":[{"href":"https:\/\/monptibook.com\/index.php\/wp-json\/wp\/v2\/product"}],"about":[{"href":"https:\/\/monptibook.com\/index.php\/wp-json\/wp\/v2\/types\/product"}],"replies":[{"embeddable":true,"href":"https:\/\/monptibook.com\/index.php\/wp-json\/wp\/v2\/comments?post=128"}],"wp:featuredmedia":[{"embeddable":true,"href":"https:\/\/monptibook.com\/index.php\/wp-json\/wp\/v2\/media\/281"}],"wp:attachment":[{"href":"https:\/\/monptibook.com\/index.php\/wp-json\/wp\/v2\/media?parent=128"}],"wp:term":[{"taxonomy":"product_brand","embeddable":true,"href":"https:\/\/monptibook.com\/index.php\/wp-json\/wp\/v2\/product_brand?post=128"},{"taxonomy":"product_cat","embeddable":true,"href":"https:\/\/monptibook.com\/index.php\/wp-json\/wp\/v2\/product_cat?post=128"},{"taxonomy":"product_tag","embeddable":true,"href":"https:\/\/monptibook.com\/index.php\/wp-json\/wp\/v2\/product_tag?post=128"}],"curies":[{"name":"wp","href":"https:\/\/api.w.org\/{rel}","templated":true}]}}