{"id":122,"date":"2023-08-22T11:49:29","date_gmt":"2023-08-22T09:49:29","guid":{"rendered":"https:\/\/monptibook.com\/?post_type=product&#038;p=122"},"modified":"2023-11-17T22:13:32","modified_gmt":"2023-11-17T21:13:32","slug":"page-cache-cache-licorne-copie","status":"publish","type":"product","link":"https:\/\/monptibook.com\/index.php\/produit\/page-cache-cache-licorne-copie\/","title":{"rendered":"Cache cache for\u00eat"},"content":{"rendered":"<p>Qui est cach\u00e9 derri\u00e8re cette fen\u00eatre : un h\u00e9risson ? un lapin ? un ours ? Votre enfant se laissera d\u2019abord porter par la d\u00e9couverte des animaux de la for\u00eat, puis il pourra s\u2019entra\u00eener \u00e0 m\u00e9moriser leur emplacement.<\/p>\n<p>Il pourra \u00e9galement devenir le \u00ab\u00a0poseur de questions\u00a0\u00bb, vous laissant ainsi deviner l\u2019animal myst\u00e8re.<\/p>\n<p>Cette page est un excellent moyen de stimuler la curiosit\u00e9 et l&rsquo;imagination des enfants. L&rsquo;ouverture des volets permet aux enfants de d\u00e9couvrir de nouveaux animaux et de nouvelles histoires, ce qui peut les aider \u00e0 d\u00e9velopper leur langage et leur compr\u00e9hension du monde qui les entoure. De plus, l&rsquo;ouverture d\u00e9licate des volets en tissu peut aider les enfants \u00e0 d\u00e9velopper leur motricit\u00e9 fine et leur coordination.<\/p>\n<p>D\u00e8s le plus jeune \u00e2ge, votre enfant pourra jouer avec les volets, du bout des doigts, et voir la cons\u00e9quence de ses mouvements\u00a0: soulever le tissu, d\u00e9couvrir un animal, laisse retomber le tissu.<\/p>\n<p>Avec votre enfant plus grand, vous pourrez alors\u00a0:<\/p>\n<p>&#8211; nommer les animaux qu\u2019il voit\u00a0;<\/p>\n<p>&#8211; nommer d\u2019autres animaux de la for\u00eat qu\u2019il conna\u00eet\u00a0;<\/p>\n<p>&#8211; d\u00e9crire les formes et les couleurs des animaux\u00a0;<\/p>\n<p>&#8211; inventer des histoires sur les animaux\u00a0;<\/p>\n<p>&#8211; faire des hypoth\u00e8ses sur le personnage cach\u00e9 derri\u00e8re le volet, avec les indices qui d\u00e9passent.<\/p>\n<p>&nbsp;<\/p>\n<p>Mat\u00e9riaux utilis\u00e9s\u00a0:<\/p>\n<p>&#8211; fil de marque G\u00fctermann (connue dans le monde de la couture pour sa solidit\u00e9)<\/p>\n<p>&#8211; feutrine 100% polyester, certifi\u00e9e Oeko-Tex\u00ae, garantissant ainsi sa durabilit\u00e9 et son respect de l\u2019environnement.<\/p>\n<p>&#8211; colle textile sans solvant UHU creativ\u2019 sp\u00e9ciale feutrine<\/p>\n<p>Les pages \u00e9tant r\u00e9alis\u00e9es \u00e0 la main, votre page peut ne pas ressembler exactement \u00e0 la photo, mais je m\u2019emploie \u00e0 ce qu\u2019elle s\u2019en rapproche le plus fid\u00e8lement possible.<\/p>\n","protected":false},"excerpt":{"rendered":"<p class=\"query-text ng-tns-c317239227-100 ng-star-inserted\" dir=\"ltr\">Quel animal est cach\u00e9 derri\u00e8re le volet? Observe bien, et soul\u00e8ve le rideau pour le d\u00e9couvrir!<\/p>\n<p> &hellip; <a href=\"https:\/\/monptibook.com\/index.php\/produit\/page-cache-cache-licorne-copie\/\" class=\"more-link\"><span class=\"more-button\">Continue Reading &gt;<span class=\"screen-reader-text\">Cache cache for\u00eat<\/span><\/span><\/a><\/p>\n","protected":false},"featured_media":251,"comment_status":"open","ping_status":"closed","template":"","meta":{"_themeisle_gutenberg_block_has_review":false},"product_brand":[],"product_cat":[20],"product_tag":[],"class_list":{"0":"post-122","1":"product","2":"type-product","3":"status-publish","4":"has-post-thumbnail","6":"product_cat-a-toucher","8":"first","9":"instock","10":"taxable","11":"shipping-taxable","12":"purchasable","13":"product-type-simple"},"jetpack_sharing_enabled":true,"_links":{"self":[{"href":"https:\/\/monptibook.com\/index.php\/wp-json\/wp\/v2\/product\/122","targetHints":{"allow":["GET"]}}],"collection":[{"href":"https:\/\/monptibook.com\/index.php\/wp-json\/wp\/v2\/product"}],"about":[{"href":"https:\/\/monptibook.com\/index.php\/wp-json\/wp\/v2\/types\/product"}],"replies":[{"embeddable":true,"href":"https:\/\/monptibook.com\/index.php\/wp-json\/wp\/v2\/comments?post=122"}],"wp:featuredmedia":[{"embeddable":true,"href":"https:\/\/monptibook.com\/index.php\/wp-json\/wp\/v2\/media\/251"}],"wp:attachment":[{"href":"https:\/\/monptibook.com\/index.php\/wp-json\/wp\/v2\/media?parent=122"}],"wp:term":[{"taxonomy":"product_brand","embeddable":true,"href":"https:\/\/monptibook.com\/index.php\/wp-json\/wp\/v2\/product_brand?post=122"},{"taxonomy":"product_cat","embeddable":true,"href":"https:\/\/monptibook.com\/index.php\/wp-json\/wp\/v2\/product_cat?post=122"},{"taxonomy":"product_tag","embeddable":true,"href":"https:\/\/monptibook.com\/index.php\/wp-json\/wp\/v2\/product_tag?post=122"}],"curies":[{"name":"wp","href":"https:\/\/api.w.org\/{rel}","templated":true}]}}