{"id":121,"date":"2023-08-22T11:43:36","date_gmt":"2023-08-22T09:43:36","guid":{"rendered":"https:\/\/monptibook.com\/?post_type=product&#038;p=121"},"modified":"2023-11-17T22:13:40","modified_gmt":"2023-11-17T21:13:40","slug":"page-cache-cache-licorne","status":"publish","type":"product","link":"https:\/\/monptibook.com\/index.php\/produit\/page-cache-cache-licorne\/","title":{"rendered":"Cache cache licorne"},"content":{"rendered":"<p>Entrez dans le monde f\u00e9\u00e9rique : licorne, princesse et c\u0153ur magique se cachent derri\u00e8re leur rideau.<\/p>\n<p>Votre enfant se laissera d\u2019abord porter par la d\u00e9couverte des membres de cet univers fantastique, puis il pourra s\u2019entra\u00eener \u00e0 m\u00e9moriser leur emplacement.<\/p>\n<p>Il pourra \u00e9galement devenir le \u00ab\u00a0poseur de questions\u00a0\u00bb, vous laissant ainsi deviner qui se cache \u00e0 l\u2019endroit indiqu\u00e9.<\/p>\n<p>L&rsquo;ouverture des volets permet aux enfants de d\u00e9couvrir de nouveaux personnages et de nouvelles histoires, ce qui peut les aider \u00e0 d\u00e9velopper leur langage et leur compr\u00e9hension du monde qui les entoure. De plus, l&rsquo;ouverture d\u00e9licate des volets en tissu peut aider les enfants \u00e0 d\u00e9velopper leur motricit\u00e9 fine et leur coordination.<\/p>\n<p>D\u00e8s le plus jeune \u00e2ge, votre enfant pourra jouer avec les volets, du bout des doigts, et voir la cons\u00e9quence de ses mouvements\u00a0: soulever le tissu, d\u00e9couvrir un personnage, laisse retomber le tissu.<\/p>\n<p>Avec votre enfant plus grand, vous pourrez alors\u00a0:<\/p>\n<p>&#8211; nommer les personnages qu\u2019il voit\u00a0;<\/p>\n<p>&#8211; d\u00e9crire les formes et les couleurs des personnages\u00a0;<\/p>\n<p>&#8211; inventer des histoires sur les personnages\u00a0;<\/p>\n<p>&#8211; faire des hypoth\u00e8ses sur le personnage cach\u00e9 derri\u00e8re le volet, avec les indices qui d\u00e9passent.<\/p>\n<p>Mat\u00e9riaux utilis\u00e9s\u00a0:<\/p>\n<p>&#8211; fil de marque G\u00fctermann (connue dans le monde de la couture pour sa solidit\u00e9)<\/p>\n<p>&#8211; feutrine 100% polyester, certifi\u00e9e Oeko-Tex\u00ae, garantissant ainsi sa durabilit\u00e9 et son respect de l\u2019environnement.<\/p>\n<p>&#8211; colle textile sans solvant UHU creativ\u2019 sp\u00e9ciale feutrine<\/p>\n<p>Les pages \u00e9tant r\u00e9alis\u00e9es \u00e0 la main, votre page peut ne pas ressembler exactement \u00e0 la photo, mais je m\u2019emploie \u00e0 ce qu\u2019elle s\u2019en rapproche le plus fid\u00e8lement possible.<\/p>\n","protected":false},"excerpt":{"rendered":"<p class=\"query-text ng-tns-c317239227-100 ng-star-inserted\" dir=\"ltr\">Qui se cache derri\u00e8re les rideaux? Observe bien et joue avec les personnages f\u00e9\u00e9riques.<\/p>\n<p> &hellip; <a href=\"https:\/\/monptibook.com\/index.php\/produit\/page-cache-cache-licorne\/\" class=\"more-link\"><span class=\"more-button\">Continue Reading &gt;<span class=\"screen-reader-text\">Cache cache licorne<\/span><\/span><\/a><\/p>\n","protected":false},"featured_media":246,"comment_status":"open","ping_status":"closed","template":"","meta":{"_themeisle_gutenberg_block_has_review":false},"product_brand":[],"product_cat":[20],"product_tag":[],"class_list":{"0":"post-121","1":"product","2":"type-product","3":"status-publish","4":"has-post-thumbnail","6":"product_cat-a-toucher","8":"first","9":"instock","10":"taxable","11":"shipping-taxable","12":"purchasable","13":"product-type-simple"},"jetpack_sharing_enabled":true,"_links":{"self":[{"href":"https:\/\/monptibook.com\/index.php\/wp-json\/wp\/v2\/product\/121","targetHints":{"allow":["GET"]}}],"collection":[{"href":"https:\/\/monptibook.com\/index.php\/wp-json\/wp\/v2\/product"}],"about":[{"href":"https:\/\/monptibook.com\/index.php\/wp-json\/wp\/v2\/types\/product"}],"replies":[{"embeddable":true,"href":"https:\/\/monptibook.com\/index.php\/wp-json\/wp\/v2\/comments?post=121"}],"wp:featuredmedia":[{"embeddable":true,"href":"https:\/\/monptibook.com\/index.php\/wp-json\/wp\/v2\/media\/246"}],"wp:attachment":[{"href":"https:\/\/monptibook.com\/index.php\/wp-json\/wp\/v2\/media?parent=121"}],"wp:term":[{"taxonomy":"product_brand","embeddable":true,"href":"https:\/\/monptibook.com\/index.php\/wp-json\/wp\/v2\/product_brand?post=121"},{"taxonomy":"product_cat","embeddable":true,"href":"https:\/\/monptibook.com\/index.php\/wp-json\/wp\/v2\/product_cat?post=121"},{"taxonomy":"product_tag","embeddable":true,"href":"https:\/\/monptibook.com\/index.php\/wp-json\/wp\/v2\/product_tag?post=121"}],"curies":[{"name":"wp","href":"https:\/\/api.w.org\/{rel}","templated":true}]}}