{"id":112,"date":"2023-08-22T11:15:35","date_gmt":"2023-08-22T09:15:35","guid":{"rendered":"https:\/\/monptibook.com\/?post_type=product&#038;p=112"},"modified":"2023-11-17T22:13:52","modified_gmt":"2023-11-17T21:13:52","slug":"page-nuage-noir-et-blanc","status":"publish","type":"product","link":"https:\/\/monptibook.com\/index.php\/produit\/page-nuage-noir-et-blanc\/","title":{"rendered":"Nuage et pluie"},"content":{"rendered":"<p>Votre b\u00e9b\u00e9 d\u00e9marre son exp\u00e9rience de la vue avec les contrastes. D\u00e8s les premiers jours, il est \u00e0 la recherche de stimuli ext\u00e9rieurs, qui deviendront plus tard des r\u00e9f\u00e9rences visuelles. Les couleurs noir et blanc sont des couleurs primaires qui sont faciles \u00e0 distinguer, m\u00eame pour les jeunes enfants.<\/p>\n<p>Les pages lune et \u00e9toiles, et nuage et pluie ont \u00e9t\u00e9 con\u00e7ues dans ce but, afin de permettre \u00e0 votre b\u00e9b\u00e9 d\u2019observer une image pleine de douceur et de tendresse.<\/p>\n<p>Chaque \u00e9l\u00e9ment de la page est solidement cousu.<\/p>\n<p>Ces pages sont utilisables lors de plusieurs \u00e9tapes importantes de son d\u00e9veloppement\u00a0:<\/p>\n<p>&#8211; Accroch\u00e9es pr\u00e8s de lui dans son coin jeu, ou son coin change, il pourra tourner la t\u00eate pour observer les couleurs contrast\u00e9es.<\/p>\n<p>&#8211; Pos\u00e9es au sol \u00e0 c\u00f4t\u00e9 de lui, votre enfant pourra \u00eatre attir\u00e9 par les couleurs ou l\u2019envie de manipuler. Il devra alors faire l\u2019effort de se d\u00e9placer, voire de pivoter vers la page pour l\u2019atteindre.<\/p>\n<p>&#8211; Pos\u00e9es au sol avec b\u00e9b\u00e9 sur le ventre, la page pourra \u00eatre la base pour stimuler b\u00e9b\u00e9 lorsqu\u2019il fera l\u2019exercice difficile de relever la t\u00eate pendant un petit temps.<\/p>\n<p>&#8211; A l\u2019int\u00e9rieur du livre, associ\u00e9es aux autres pages de toucher et manipulation, votre tout petit pourra manipuler l\u2019ensemble allong\u00e9, ou assis, selon ses capacit\u00e9s.<\/p>\n<p>Pour les plus grands, cette page est aussi un support tr\u00e8s riche. Vous pourrez par exemple\u00a0demander \u00e0 votre enfant\u00a0de\u00a0:<\/p>\n<p>&#8211; nommer les couleurs de la page\u00a0;<\/p>\n<p>&#8211; compter le nombre de gouttes de pluie\u00a0;<\/p>\n<p>&#8211; d\u00e9crire une histoire sur le nuage et les gouttes de pluie.<\/p>\n<p>&nbsp;<\/p>\n<p>Mat\u00e9riaux utilis\u00e9s\u00a0:<\/p>\n<p>&#8211; fil de marque G\u00fctermann (connue dans le monde de la couture pour sa solidit\u00e9)<\/p>\n<p>&#8211; feutrine 100% polyester, certifi\u00e9e Oeko-Tex\u00ae, garantissant ainsi sa durabilit\u00e9 et son respect de l\u2019environnement.<\/p>\n<p>Les pages \u00e9tant r\u00e9alis\u00e9es \u00e0 la main, votre page peut ne pas ressembler exactement \u00e0 la photo, mais je m\u2019emploie \u00e0 ce qu\u2019elle s\u2019en rapproche le plus fid\u00e8lement possible.<\/p>\n","protected":false},"excerpt":{"rendered":"<p class=\"query-text ng-tns-c317239227-100 ng-star-inserted\" dir=\"ltr\">Page nuage et gouttes de pluie, remplie de douceur et de contrastes.<\/p>\n<p> &hellip; <a href=\"https:\/\/monptibook.com\/index.php\/produit\/page-nuage-noir-et-blanc\/\" class=\"more-link\"><span class=\"more-button\">Continue Reading &gt;<span class=\"screen-reader-text\">Nuage et pluie<\/span><\/span><\/a><\/p>\n","protected":false},"featured_media":299,"comment_status":"open","ping_status":"closed","template":"","meta":{"_themeisle_gutenberg_block_has_review":false},"product_brand":[],"product_cat":[19],"product_tag":[],"class_list":{"0":"post-112","1":"product","2":"type-product","3":"status-publish","4":"has-post-thumbnail","6":"product_cat-contraste","8":"first","9":"instock","10":"taxable","11":"shipping-taxable","12":"purchasable","13":"product-type-simple"},"jetpack_sharing_enabled":true,"_links":{"self":[{"href":"https:\/\/monptibook.com\/index.php\/wp-json\/wp\/v2\/product\/112","targetHints":{"allow":["GET"]}}],"collection":[{"href":"https:\/\/monptibook.com\/index.php\/wp-json\/wp\/v2\/product"}],"about":[{"href":"https:\/\/monptibook.com\/index.php\/wp-json\/wp\/v2\/types\/product"}],"replies":[{"embeddable":true,"href":"https:\/\/monptibook.com\/index.php\/wp-json\/wp\/v2\/comments?post=112"}],"wp:featuredmedia":[{"embeddable":true,"href":"https:\/\/monptibook.com\/index.php\/wp-json\/wp\/v2\/media\/299"}],"wp:attachment":[{"href":"https:\/\/monptibook.com\/index.php\/wp-json\/wp\/v2\/media?parent=112"}],"wp:term":[{"taxonomy":"product_brand","embeddable":true,"href":"https:\/\/monptibook.com\/index.php\/wp-json\/wp\/v2\/product_brand?post=112"},{"taxonomy":"product_cat","embeddable":true,"href":"https:\/\/monptibook.com\/index.php\/wp-json\/wp\/v2\/product_cat?post=112"},{"taxonomy":"product_tag","embeddable":true,"href":"https:\/\/monptibook.com\/index.php\/wp-json\/wp\/v2\/product_tag?post=112"}],"curies":[{"name":"wp","href":"https:\/\/api.w.org\/{rel}","templated":true}]}}