{"id":496,"date":"2024-03-13T15:12:03","date_gmt":"2024-03-13T14:12:03","guid":{"rendered":"https:\/\/monptibook.com\/?page_id=496"},"modified":"2024-03-13T20:26:39","modified_gmt":"2024-03-13T19:26:39","slug":"politique-de-remboursement","status":"publish","type":"page","link":"https:\/\/monptibook.com\/index.php\/politique-de-remboursement\/","title":{"rendered":"POLITIQUE DE REMBOURSEMENT"},"content":{"rendered":"\n<h2 class=\"wp-block-heading\">Politique de remboursement<\/h2>\n\n\n\n<p>Droit de r\u00e9tractation<\/p>\n\n\n\n<p>Les frais ainsi que les risques des retours sont \u00e0 la charge exclusive de l\u2019Acheteur. Aucun retour ne sera accept\u00e9 apr\u00e8s un d\u00e9lai de 14 jours suivant la date \u00e0 laquelle l\u2019Acheteur a pris possession du ou des produits.<\/p>\n\n\n\n<p>Pour tout retour dans le cadre du droit de r\u00e9tractation, la proc\u00e9dure suivante doit \u00eatre int\u00e9gralement respect\u00e9e&nbsp;:<\/p>\n\n\n\n<p>Les produits doivent \u00eatre renvoy\u00e9s dans leur emballage d\u2019origine, dans un \u00e9tat impeccable,<\/p>\n\n\n\n<p>Les risques et frais de retour sont \u00e0 votre charge exclusive.<\/p>\n\n\n\n<p>Sous r\u00e9serve des conditions ci-dessus rappel\u00e9es, La Soci\u00e9t\u00e9 vous remboursera le montant TTC de votre commande (prix du produit) hors frais de retour. Votre compte bancaire sera cr\u00e9dit\u00e9 dudit montant, dans les quatorze (14) jours \u00e0 compter de la r\u00e9ception des produits par la Soci\u00e9t\u00e9.<\/p>\n\n\n\n<p>Pour effectuer un retour, veuillez-nous renvoyer le produit \u00e0 l\u2019adresse ci-dessous et nous communiquer le num\u00e9ro de suivi :<\/p>\n\n\n\n<p>Adresse de retour :<br>PTIBOOK<\/p>\n\n\n\n<p>390 chemin des airelle<\/p>\n\n\n\n<p>43400 Le Chambon-sur-Lignon<\/p>\n\n\n\n<p>Anomalie de commande<\/p>\n\n\n\n<p>Pour tout retour des produits suite \u00e0 une anomalie par rapport \u00e0 votre commande (produit non conforme \u00e0 la commande ou produit d\u00e9fectueux\/endommag\u00e9), la proc\u00e9dure suivante doit \u00eatre int\u00e9gralement respect\u00e9e&nbsp;:<\/p>\n\n\n\n<ul class=\"wp-block-list\">\n<li>Les produits doivent \u00eatre renvoy\u00e9s dans leur emballage d\u2019origine,<\/li>\n\n\n\n<li>Les frais de retour (timbres postaux exclusivement) vous seront rembours\u00e9s par la Soci\u00e9t\u00e9.<\/li>\n<\/ul>\n\n\n\n<p>Sous r\u00e9serve des conditions ci-dessus rappel\u00e9es, La Soci\u00e9t\u00e9 remplacera votre Produit par un produit identique au regard des stocks disponibles et, en cas d\u2019\u00e9puisement des stocks, vous remboursera le montant de votre commande (prix du produit). Votre compte bancaire sera cr\u00e9dit\u00e9 dudit montant, dans les quatorze (14) jours \u00e0 compter de la r\u00e9ception des produits par la Soci\u00e9t\u00e9.<\/p>\n\n\n\n<p>A r\u00e9ception du colis de retour, la Soci\u00e9t\u00e9 contr\u00f4lera la conformit\u00e9 du produit retourn\u00e9 aux conditions fix\u00e9es \u00e0 l\u2019article 5.6.1. et 5.6.2. ci-dessus et le motif de retour. La Soci\u00e9t\u00e9 vous informera par email de l\u2019approbation ou du rejet de votre demande de remboursement.<\/p>\n","protected":false},"excerpt":{"rendered":"<p>Politique de remboursement Droit de r\u00e9tractation Les frais ainsi que les risques des retours sont \u00e0 la charge exclusive de &hellip; <a href=\"https:\/\/monptibook.com\/index.php\/politique-de-remboursement\/\" class=\"more-link\"><span class=\"more-button\">Continue Reading<span class=\"screen-reader-text\">POLITIQUE DE REMBOURSEMENT<\/span><\/span><\/a><\/p>\n","protected":false},"author":1,"featured_media":0,"parent":0,"menu_order":0,"comment_status":"closed","ping_status":"closed","template":"","meta":{"_themeisle_gutenberg_block_has_review":false,"footnotes":""},"class_list":["post-496","page","type-page","status-publish","hentry"],"jetpack_sharing_enabled":true,"_links":{"self":[{"href":"https:\/\/monptibook.com\/index.php\/wp-json\/wp\/v2\/pages\/496","targetHints":{"allow":["GET"]}}],"collection":[{"href":"https:\/\/monptibook.com\/index.php\/wp-json\/wp\/v2\/pages"}],"about":[{"href":"https:\/\/monptibook.com\/index.php\/wp-json\/wp\/v2\/types\/page"}],"author":[{"embeddable":true,"href":"https:\/\/monptibook.com\/index.php\/wp-json\/wp\/v2\/users\/1"}],"replies":[{"embeddable":true,"href":"https:\/\/monptibook.com\/index.php\/wp-json\/wp\/v2\/comments?post=496"}],"version-history":[{"count":2,"href":"https:\/\/monptibook.com\/index.php\/wp-json\/wp\/v2\/pages\/496\/revisions"}],"predecessor-version":[{"id":517,"href":"https:\/\/monptibook.com\/index.php\/wp-json\/wp\/v2\/pages\/496\/revisions\/517"}],"wp:attachment":[{"href":"https:\/\/monptibook.com\/index.php\/wp-json\/wp\/v2\/media?parent=496"}],"curies":[{"name":"wp","href":"https:\/\/api.w.org\/{rel}","templated":true}]}}