{"id":2,"date":"2023-08-21T16:43:17","date_gmt":"2023-08-21T14:43:17","guid":{"rendered":"http:\/\/monptibook.com\/?page_id=2"},"modified":"2023-11-10T20:23:30","modified_gmt":"2023-11-10T19:23:30","slug":"page-d-exemple","status":"publish","type":"page","link":"https:\/\/monptibook.com\/index.php\/page-d-exemple\/","title":{"rendered":"ptibook, le concept"},"content":{"rendered":"\n<div class=\"wp-block-group\"><div class=\"wp-block-group__inner-container is-layout-constrained wp-block-group-is-layout-constrained\">\n<div class=\"wp-block-group\"><div class=\"wp-block-group__inner-container is-layout-constrained wp-block-group-is-layout-constrained\">\n<div class=\"wp-block-group alignfull has-ast-global-color-4-background-color has-background\" id=\"Helene\" style=\"margin-top:0;margin-bottom:0\"><div class=\"wp-block-group__inner-container is-layout-constrained wp-container-core-group-is-layout-db8e7665 wp-block-group-is-layout-constrained\">\n<p>Le Ptibook est un livre-objet d\u00e9coratif avec une couverture personnalisable au pr\u00e9nom de votre enfant, r\u00e9alis\u00e9 en feutrine 100% polyester, certifi\u00e9e Oeko-Tex\u00ae, garantissant ainsi sa durabilit\u00e9 et son respect de l\u2019environnement. Il suivra votre enfant aussi longtemps qu\u2019il le souhaitera.<\/p>\n\n\n\n<p>Il est compos\u00e9 de diff\u00e9rentes pages d\u00e9tachables, chacune avec un th\u00e8me diff\u00e9rent, pour lequel votre enfant pourra, avec votre aide, d\u00e9velopper son langage. Les pages peuvent \u00eatre choisies parmi une vari\u00e9t\u00e9 de th\u00e8mes, tels que les animaux, les couleurs, les formes g\u00e9om\u00e9triques, les fruits et l\u00e9gumes, les chiffres, les lettres, les paysages, les v\u00e9hicules, les objets du quotidien, etc. D\u2019autres th\u00e8mes sont encore \u00e0 venir.<\/p>\n\n\n\n<p>Chaque page est con\u00e7ue pour \u00e9veiller la curiosit\u00e9 et l&rsquo;imagination des enfants. Les pages sont r\u00e9alis\u00e9es avec des mat\u00e9riaux de qualit\u00e9, doux et agr\u00e9ables au toucher, ce qui permet aux enfants de d\u00e9velopper leur sens tactile.<\/p>\n\n\n\n<p>Les pages Ptibook sont \u00e9galement con\u00e7ues pour d\u00e9velopper la motricit\u00e9 fine des enfants. Les enfants peuvent manipuler les diff\u00e9rents \u00e9l\u00e9ments des pages, tels que les boutons, les fermetures \u00e9clair et les boucles. Cela permet aux enfants de d\u00e9velopper leur coordination et leur pr\u00e9cision.<\/p>\n\n\n\n<p>Le Ptibook est un cadeau id\u00e9al pour les enfants de tous \u00e2ges. Il est \u00e0 la fois \u00e9ducatif et amusant, et il permettra aux enfants de d\u00e9velopper leurs sens et leurs comp\u00e9tences.<\/p>\n\n\n\n<p>Je propose une large gamme de pages que vous pourrez s\u00e9lectionner afin de concevoir LE livre adapt\u00e9 \u00e0 votre enfant.<\/p>\n\n\n\n<p>Pour r\u00e9sumer&nbsp;:<\/p>\n\n\n\n<ul class=\"wp-block-list\">\n<li>Des pages d\u00e9tachables, pour pouvoir les r\u00e9organiser, les exposer, les accrocher pr\u00e8s d\u2019un lieu de vie de votre tout petit, les poser au sol pour une activit\u00e9 \u00ab&nbsp;plat-ventre&nbsp;\u00bb, etc.<\/li>\n\n\n\n<li>De taille id\u00e9ale pour les mains des tout-petits&nbsp;;<\/li>\n\n\n\n<li>Un cadeau id\u00e9al pour marquer un \u00e9v\u00e9nement, et le d\u00e9but de la vie d\u2019un enfant&nbsp;;<\/li>\n\n\n\n<li>Des mat\u00e9riaux choisis qualitativement&nbsp;;<\/li>\n\n\n\n<li>Une cr\u00e9ation artisanale unique pour lequel chaque d\u00e9tail est important&nbsp;!<\/li>\n<\/ul>\n<\/div><\/div>\n<\/div><\/div>\n<\/div><\/div>\n\n\n\n<p><\/p>\n","protected":false},"excerpt":{"rendered":"<p>Le Ptibook est un livre-objet d\u00e9coratif avec une couverture personnalisable au pr\u00e9nom de votre enfant, r\u00e9alis\u00e9 en feutrine 100% polyester, &hellip; <a href=\"https:\/\/monptibook.com\/index.php\/page-d-exemple\/\" class=\"more-link\"><span class=\"more-button\">Continue Reading<span class=\"screen-reader-text\">ptibook, le concept<\/span><\/span><\/a><\/p>\n","protected":false},"author":1,"featured_media":0,"parent":0,"menu_order":0,"comment_status":"closed","ping_status":"open","template":"","meta":{"_themeisle_gutenberg_block_has_review":false,"footnotes":""},"class_list":["post-2","page","type-page","status-publish","hentry"],"jetpack_sharing_enabled":true,"_links":{"self":[{"href":"https:\/\/monptibook.com\/index.php\/wp-json\/wp\/v2\/pages\/2","targetHints":{"allow":["GET"]}}],"collection":[{"href":"https:\/\/monptibook.com\/index.php\/wp-json\/wp\/v2\/pages"}],"about":[{"href":"https:\/\/monptibook.com\/index.php\/wp-json\/wp\/v2\/types\/page"}],"author":[{"embeddable":true,"href":"https:\/\/monptibook.com\/index.php\/wp-json\/wp\/v2\/users\/1"}],"replies":[{"embeddable":true,"href":"https:\/\/monptibook.com\/index.php\/wp-json\/wp\/v2\/comments?post=2"}],"version-history":[{"count":13,"href":"https:\/\/monptibook.com\/index.php\/wp-json\/wp\/v2\/pages\/2\/revisions"}],"predecessor-version":[{"id":372,"href":"https:\/\/monptibook.com\/index.php\/wp-json\/wp\/v2\/pages\/2\/revisions\/372"}],"wp:attachment":[{"href":"https:\/\/monptibook.com\/index.php\/wp-json\/wp\/v2\/media?parent=2"}],"curies":[{"name":"wp","href":"https:\/\/api.w.org\/{rel}","templated":true}]}}